{"id":1179,"date":"2018-10-18T12:19:02","date_gmt":"2018-10-18T16:19:02","guid":{"rendered":"http:\/\/chaletslaurentidesmont-tremblant.ca\/?page_id=1179"},"modified":"2023-09-14T15:46:03","modified_gmt":"2023-09-14T19:46:03","slug":"annulation","status":"publish","type":"page","link":"https:\/\/chaletslaurentidesmont-tremblant.ca\/fr\/annulation\/","title":{"rendered":"Annulation"},"content":{"rendered":"<p>Votre r\u00e9servation est annul\u00e9e!<\/p>\n<p>Noter bien que vous avez des obligations \u00e0 diff\u00e9rent stade de la r\u00e9servation. S\u2019il vous plait vous pr\u00e9valoir de notre politique d\u2019annulation de r\u00e9servation.<\/p>\n<p>Si vous d\u00e9sirez plus de pr\u00e9cision sur les politiques de r\u00e9servation, vous pouvez visiter la page des Termes et conditions sur notre site web https:\/\/chaletslaurentidesmont-tremblant.ca\/fr\/terms-conditions\/ ou simplement nous appeler au num\u00e9ro indiqu\u00e9 ci-dessous.<\/p>\n","protected":false},"excerpt":{"rendered":"<p>Votre r\u00e9servation est annul\u00e9e! Noter bien que vous avez des obligations \u00e0 diff\u00e9rent stade de la r\u00e9servation. S\u2019il vous plait vous pr\u00e9valoir de notre politique d\u2019annulation de r\u00e9servation. Si vous d\u00e9sirez plus de pr\u00e9cision sur les politiques de r\u00e9servation, vous pouvez visiter la page des Termes et conditions sur notre site web https:\/\/chaletslaurentidesmont-tremblant.ca\/fr\/terms-conditions\/ ou simplement &hellip; <a href=\"https:\/\/chaletslaurentidesmont-tremblant.ca\/fr\/annulation\/\" class=\"more-link\">Continue reading<span class=\"screen-reader-text\"> \u00ab\u00a0Annulation\u00a0\u00bb<\/span><\/a><\/p>\n","protected":false},"author":1,"featured_media":0,"parent":0,"menu_order":0,"comment_status":"closed","ping_status":"closed","template":"","meta":{"footnotes":""},"class_list":["post-1179","page","type-page","status-publish","hentry"],"_links":{"self":[{"href":"https:\/\/chaletslaurentidesmont-tremblant.ca\/fr\/wp-json\/wp\/v2\/pages\/1179","targetHints":{"allow":["GET"]}}],"collection":[{"href":"https:\/\/chaletslaurentidesmont-tremblant.ca\/fr\/wp-json\/wp\/v2\/pages"}],"about":[{"href":"https:\/\/chaletslaurentidesmont-tremblant.ca\/fr\/wp-json\/wp\/v2\/types\/page"}],"author":[{"embeddable":true,"href":"https:\/\/chaletslaurentidesmont-tremblant.ca\/fr\/wp-json\/wp\/v2\/users\/1"}],"replies":[{"embeddable":true,"href":"https:\/\/chaletslaurentidesmont-tremblant.ca\/fr\/wp-json\/wp\/v2\/comments?post=1179"}],"version-history":[{"count":0,"href":"https:\/\/chaletslaurentidesmont-tremblant.ca\/fr\/wp-json\/wp\/v2\/pages\/1179\/revisions"}],"wp:attachment":[{"href":"https:\/\/chaletslaurentidesmont-tremblant.ca\/fr\/wp-json\/wp\/v2\/media?parent=1179"}],"curies":[{"name":"wp","href":"https:\/\/api.w.org\/{rel}","templated":true}]}}