{"id":1207,"date":"2018-10-18T12:26:10","date_gmt":"2018-10-18T16:26:10","guid":{"rendered":"http:\/\/chaletslaurentidesmont-tremblant.ca\/?page_id=1207"},"modified":"2023-10-13T17:47:42","modified_gmt":"2023-10-13T21:47:42","slug":"confirmation-de-la-reservation","status":"publish","type":"page","link":"https:\/\/chaletslaurentidesmont-tremblant.ca\/fr\/confirmation-de-la-reservation\/","title":{"rendered":"Confirmation de la r\u00e9servation"},"content":{"rendered":"<div class=\"mphb_sc_booking_confirmation\"><\/div>\n<h4>R\u00e9servation soumise<\/h4>\n<p>Nous avons le plaisir de vous informer que votre demande de r\u00e9servation a bien \u00e9t\u00e9 re\u00e7ue. Une fois confirm\u00e9, nous vous en informerons par <strong>e-mail<\/strong>.<\/p>\n","protected":false},"excerpt":{"rendered":"<p>R\u00e9servation soumise Nous avons le plaisir de vous informer que votre demande de r\u00e9servation a bien \u00e9t\u00e9 re\u00e7ue. Une fois confirm\u00e9, nous vous en informerons par e-mail.<\/p>\n","protected":false},"author":1,"featured_media":0,"parent":0,"menu_order":0,"comment_status":"closed","ping_status":"closed","template":"template-full-width-page.php","meta":{"footnotes":""},"class_list":["post-1207","page","type-page","status-publish","hentry"],"_links":{"self":[{"href":"https:\/\/chaletslaurentidesmont-tremblant.ca\/fr\/wp-json\/wp\/v2\/pages\/1207","targetHints":{"allow":["GET"]}}],"collection":[{"href":"https:\/\/chaletslaurentidesmont-tremblant.ca\/fr\/wp-json\/wp\/v2\/pages"}],"about":[{"href":"https:\/\/chaletslaurentidesmont-tremblant.ca\/fr\/wp-json\/wp\/v2\/types\/page"}],"author":[{"embeddable":true,"href":"https:\/\/chaletslaurentidesmont-tremblant.ca\/fr\/wp-json\/wp\/v2\/users\/1"}],"replies":[{"embeddable":true,"href":"https:\/\/chaletslaurentidesmont-tremblant.ca\/fr\/wp-json\/wp\/v2\/comments?post=1207"}],"version-history":[{"count":0,"href":"https:\/\/chaletslaurentidesmont-tremblant.ca\/fr\/wp-json\/wp\/v2\/pages\/1207\/revisions"}],"wp:attachment":[{"href":"https:\/\/chaletslaurentidesmont-tremblant.ca\/fr\/wp-json\/wp\/v2\/media?parent=1207"}],"curies":[{"name":"wp","href":"https:\/\/api.w.org\/{rel}","templated":true}]}}