{"id":2614,"date":"2023-09-14T22:31:09","date_gmt":"2023-09-15T02:31:09","guid":{"rendered":"https:\/\/chaletslaurentidesmont-tremblant.ca\/politique-en-matiere-de-cookies-ue\/"},"modified":"2023-09-14T22:31:09","modified_gmt":"2023-09-15T02:31:09","slug":"politique-en-matiere-de-cookies-ue","status":"publish","type":"page","link":"https:\/\/chaletslaurentidesmont-tremblant.ca\/fr\/politique-en-matiere-de-cookies-ue\/","title":{"rendered":"Politique en mati\u00e8re de cookies (UE)"},"content":{"rendered":"R\u00e9gion EU non activ\u00e9e pour cookie-statement.\n","protected":false},"excerpt":{"rendered":"","protected":false},"author":1,"featured_media":0,"parent":0,"menu_order":0,"comment_status":"closed","ping_status":"closed","template":"","meta":{"footnotes":""},"class_list":["post-2614","page","type-page","status-publish","hentry"],"_links":{"self":[{"href":"https:\/\/chaletslaurentidesmont-tremblant.ca\/fr\/wp-json\/wp\/v2\/pages\/2614","targetHints":{"allow":["GET"]}}],"collection":[{"href":"https:\/\/chaletslaurentidesmont-tremblant.ca\/fr\/wp-json\/wp\/v2\/pages"}],"about":[{"href":"https:\/\/chaletslaurentidesmont-tremblant.ca\/fr\/wp-json\/wp\/v2\/types\/page"}],"author":[{"embeddable":true,"href":"https:\/\/chaletslaurentidesmont-tremblant.ca\/fr\/wp-json\/wp\/v2\/users\/1"}],"replies":[{"embeddable":true,"href":"https:\/\/chaletslaurentidesmont-tremblant.ca\/fr\/wp-json\/wp\/v2\/comments?post=2614"}],"version-history":[{"count":0,"href":"https:\/\/chaletslaurentidesmont-tremblant.ca\/fr\/wp-json\/wp\/v2\/pages\/2614\/revisions"}],"wp:attachment":[{"href":"https:\/\/chaletslaurentidesmont-tremblant.ca\/fr\/wp-json\/wp\/v2\/media?parent=2614"}],"curies":[{"name":"wp","href":"https:\/\/api.w.org\/{rel}","templated":true}]}}