{"id":2615,"date":"2023-09-14T22:31:22","date_gmt":"2023-09-15T02:31:22","guid":{"rendered":"https:\/\/chaletslaurentidesmont-tremblant.ca\/preferences-de-desengagement\/"},"modified":"2023-09-14T22:31:22","modified_gmt":"2023-09-15T02:31:22","slug":"preferences-de-desengagement","status":"publish","type":"page","link":"https:\/\/chaletslaurentidesmont-tremblant.ca\/fr\/preferences-de-desengagement\/","title":{"rendered":"Pr\u00e9f\u00e9rences de d\u00e9sengagement"},"content":{"rendered":"R\u00e9gion US non activ\u00e9e pour cookie-statement.\n","protected":false},"excerpt":{"rendered":"","protected":false},"author":1,"featured_media":0,"parent":0,"menu_order":0,"comment_status":"closed","ping_status":"closed","template":"","meta":{"footnotes":""},"class_list":["post-2615","page","type-page","status-publish","hentry"],"_links":{"self":[{"href":"https:\/\/chaletslaurentidesmont-tremblant.ca\/fr\/wp-json\/wp\/v2\/pages\/2615","targetHints":{"allow":["GET"]}}],"collection":[{"href":"https:\/\/chaletslaurentidesmont-tremblant.ca\/fr\/wp-json\/wp\/v2\/pages"}],"about":[{"href":"https:\/\/chaletslaurentidesmont-tremblant.ca\/fr\/wp-json\/wp\/v2\/types\/page"}],"author":[{"embeddable":true,"href":"https:\/\/chaletslaurentidesmont-tremblant.ca\/fr\/wp-json\/wp\/v2\/users\/1"}],"replies":[{"embeddable":true,"href":"https:\/\/chaletslaurentidesmont-tremblant.ca\/fr\/wp-json\/wp\/v2\/comments?post=2615"}],"version-history":[{"count":0,"href":"https:\/\/chaletslaurentidesmont-tremblant.ca\/fr\/wp-json\/wp\/v2\/pages\/2615\/revisions"}],"wp:attachment":[{"href":"https:\/\/chaletslaurentidesmont-tremblant.ca\/fr\/wp-json\/wp\/v2\/media?parent=2615"}],"curies":[{"name":"wp","href":"https:\/\/api.w.org\/{rel}","templated":true}]}}